{"id":3182,"date":"2025-02-03T22:58:42","date_gmt":"2025-02-03T21:58:42","guid":{"rendered":"https:\/\/ips-system.pl\/ueber-ips-system\/"},"modified":"2025-02-13T19:20:40","modified_gmt":"2025-02-13T18:20:40","slug":"ueber-ips-system","status":"publish","type":"page","link":"https:\/\/ips-system.pl\/de\/ueber-ips-system\/","title":{"rendered":"\u00dcber IPS System"},"content":{"rendered":"\n<p>IPS System ist ein schnell wachsendes Unternehmen, das aus einer Leidenschaft f\u00fcr Technologie und innovative L\u00f6sungen entstanden ist, die verschiedene Sektoren des Marktes revolutionieren. Unser Ziel ist es, Spitzentechnologie einzuf\u00fchren und intelligente L\u00f6sungen anzubieten, die unsere Kunden bei der effizienten Ressourcenverwaltung, Prozessautomatisierung und Kostenoptimierung unterst\u00fctzen.<\/p>\n\n<h3 class=\"wp-block-heading\"><strong>Modernit\u00e4t und Innovation<\/strong><\/h3>\n\n<p>Seit Jahren unterhalten wir enge Beziehungen zu renommierten ausl\u00e4ndischen Herstellern und sind st\u00e4ndig auf der Suche nach den neuesten Technologien, die wir auf dem heimischen Markt einsetzen k\u00f6nnen. Unsere internationale Erfahrung erm\u00f6glicht es uns, Durchbr\u00fcche in Bereichen wie Informationstechnologie, erneuerbare Energien und moderne Materialien zu identifizieren.<\/p>\n\n<h3 class=\"wp-block-heading\"><strong>Unsere Spezialisierung<\/strong><\/h3>\n\n<p>IPS System ist ein Experte f\u00fcr telemetrische LPG-Tankmanagementsysteme. Wir bieten fortschrittliche Ger\u00e4te und Anwendungen zur \u00dcberwachung des Kraftstoffverbrauchs und zur Optimierung der Eink\u00e4ufe auf der Grundlage realer Daten. Unsere firmeneigene Plattform <strong>LPG View<\/strong> gibt den Benutzern die volle Kontrolle \u00fcber ihren Gasverbrauch und hilft ihnen, Geld zu sparen und die Umwelt zu schonen.<\/p>\n\n<h3 class=\"wp-block-heading\"><strong>Verbindung von Technologie und Gesch\u00e4ft<\/strong><\/h3>\n\n<p>Mit unserem Wissen und unseren internationalen Kontakten unterst\u00fctzen wir ausl\u00e4ndische Hersteller beim Eintritt in den polnischen Markt und bieten Beratung, Vertrieb und Hilfe beim Aufbau strategischer Partnerschaften. Wir verstehen die Besonderheiten des Marktes und schneidern L\u00f6sungen f\u00fcr seine einzigartigen Bed\u00fcrfnisse.<\/p>\n\n<h3 class=\"wp-block-heading\"><strong>Umfassende Unterst\u00fctzung<\/strong><\/h3>\n\n<p>Wir bieten nicht nur den Verkauf von hochmodernen Ger\u00e4ten, sondern auch deren Installation, Service und umfassende Beratung. Unsere Systeme sind einfach zu bedienen, aber bei Bedarf stehen Ihnen unsere Experten und unser Partnernetzwerk im ganzen Land zur Verf\u00fcgung.<\/p>\n\n<h3 class=\"wp-block-heading\"><strong>Engagement in der Branche<\/strong><\/h3>\n\n<p>Wir nehmen aktiv an Messen und Branchenkonferenzen wie <strong>der Fuel Station<\/strong>, dem <strong>Gas Fuel Forum<\/strong> und der <strong>GasTechExpo<\/strong> teil und pr\u00e4sentieren Neuheiten und innovative L\u00f6sungen. Wir sind bestrebt, uns st\u00e4ndig weiterzuentwickeln, damit wir unseren Kunden die neueste Technologie und die beste Servicequalit\u00e4t bieten k\u00f6nnen.<\/p>\n\n<p>IPS System ist ein Unternehmen, das st\u00e4ndig in die Zukunft blickt - <strong>immer einen Schritt voraus!<\/strong><\/p>\n","protected":false},"excerpt":{"rendered":"<p>IPS System ist ein schnell wachsendes Unternehmen, das aus einer Leidenschaft f\u00fcr Technologie und innovative L\u00f6sungen entstanden ist, die verschiedene Sektoren des Marktes revolutionieren. Unser Ziel ist es, Spitzentechnologie einzuf\u00fchren und intelligente L\u00f6sungen anzubieten, die unsere Kunden bei der effizienten Ressourcenverwaltung, Prozessautomatisierung und Kostenoptimierung unterst\u00fctzen. Modernit\u00e4t und Innovation Seit Jahren unterhalten wir enge Beziehungen zu [&hellip;]<\/p>\n","protected":false},"author":1,"featured_media":0,"parent":0,"menu_order":0,"comment_status":"closed","ping_status":"closed","template":"","meta":{"inline_featured_image":false,"footnotes":""},"class_list":["post-3182","page","type-page","status-publish","hentry"],"yoast_head":"<!-- This site is optimized with the Yoast SEO plugin v24.3 - https:\/\/yoast.com\/wordpress\/plugins\/seo\/ -->\n<title>\u00dcber IPS System - IPS System | Innovation f\u00fcr Ihr Unternehmen<\/title>\n<meta name=\"robots\" content=\"index, follow, max-snippet:-1, max-image-preview:large, max-video-preview:-1\" \/>\n<link rel=\"canonical\" href=\"https:\/\/ips-system.pl\/de\/ueber-ips-system\/\" \/>\n<meta property=\"og:locale\" content=\"de_DE\" \/>\n<meta property=\"og:type\" content=\"article\" \/>\n<meta property=\"og:title\" content=\"\u00dcber IPS System - IPS System | Innovation f\u00fcr Ihr Unternehmen\" \/>\n<meta property=\"og:description\" content=\"IPS System ist ein schnell wachsendes Unternehmen, das aus einer Leidenschaft f\u00fcr Technologie und innovative L\u00f6sungen entstanden ist, die verschiedene Sektoren des Marktes revolutionieren. Unser Ziel ist es, Spitzentechnologie einzuf\u00fchren und intelligente L\u00f6sungen anzubieten, die unsere Kunden bei der effizienten Ressourcenverwaltung, Prozessautomatisierung und Kostenoptimierung unterst\u00fctzen. Modernit\u00e4t und Innovation Seit Jahren unterhalten wir enge Beziehungen zu [&hellip;]\" \/>\n<meta property=\"og:url\" content=\"https:\/\/ips-system.pl\/de\/ueber-ips-system\/\" \/>\n<meta property=\"og:site_name\" content=\"IPS System | Innovation f\u00fcr Ihr Unternehmen\" \/>\n<meta property=\"article:modified_time\" content=\"2025-02-13T18:20:40+00:00\" \/>\n<meta name=\"twitter:card\" content=\"summary_large_image\" \/>\n<meta name=\"twitter:label1\" content=\"Gesch\u00e4tzte Lesezeit\" \/>\n\t<meta name=\"twitter:data1\" content=\"2\u00a0Minuten\" \/>\n<!-- \/ Yoast SEO plugin. -->","yoast_head_json":{"title":"\u00dcber IPS System - IPS System | Innovation f\u00fcr Ihr Unternehmen","robots":{"index":"index","follow":"follow","max-snippet":"max-snippet:-1","max-image-preview":"max-image-preview:large","max-video-preview":"max-video-preview:-1"},"canonical":"https:\/\/ips-system.pl\/de\/ueber-ips-system\/","og_locale":"de_DE","og_type":"article","og_title":"\u00dcber IPS System - IPS System | Innovation f\u00fcr Ihr Unternehmen","og_description":"IPS System ist ein schnell wachsendes Unternehmen, das aus einer Leidenschaft f\u00fcr Technologie und innovative L\u00f6sungen entstanden ist, die verschiedene Sektoren des Marktes revolutionieren. Unser Ziel ist es, Spitzentechnologie einzuf\u00fchren und intelligente L\u00f6sungen anzubieten, die unsere Kunden bei der effizienten Ressourcenverwaltung, Prozessautomatisierung und Kostenoptimierung unterst\u00fctzen. Modernit\u00e4t und Innovation Seit Jahren unterhalten wir enge Beziehungen zu [&hellip;]","og_url":"https:\/\/ips-system.pl\/de\/ueber-ips-system\/","og_site_name":"IPS System | Innovation f\u00fcr Ihr Unternehmen","article_modified_time":"2025-02-13T18:20:40+00:00","twitter_card":"summary_large_image","twitter_misc":{"Gesch\u00e4tzte Lesezeit":"2\u00a0Minuten"},"schema":{"@context":"https:\/\/schema.org","@graph":[{"@type":"WebPage","@id":"https:\/\/ips-system.pl\/de\/ueber-ips-system\/","url":"https:\/\/ips-system.pl\/de\/ueber-ips-system\/","name":"\u00dcber IPS System - IPS System | Innovation f\u00fcr Ihr Unternehmen","isPartOf":{"@id":"https:\/\/ips-system.pl\/de\/#website"},"datePublished":"2025-02-03T21:58:42+00:00","dateModified":"2025-02-13T18:20:40+00:00","breadcrumb":{"@id":"https:\/\/ips-system.pl\/de\/ueber-ips-system\/#breadcrumb"},"inLanguage":"de","potentialAction":[{"@type":"ReadAction","target":["https:\/\/ips-system.pl\/de\/ueber-ips-system\/"]}]},{"@type":"BreadcrumbList","@id":"https:\/\/ips-system.pl\/de\/ueber-ips-system\/#breadcrumb","itemListElement":[{"@type":"ListItem","position":1,"name":"Homepage","item":"https:\/\/ips-system.pl\/de\/homepage\/"},{"@type":"ListItem","position":2,"name":"\u00dcber IPS System"}]},{"@type":"WebSite","@id":"https:\/\/ips-system.pl\/de\/#website","url":"https:\/\/ips-system.pl\/de\/","name":"IPS System | Innovation f\u00fcr Ihr Unternehmen","description":"","potentialAction":[{"@type":"SearchAction","target":{"@type":"EntryPoint","urlTemplate":"https:\/\/ips-system.pl\/de\/?s={search_term_string}"},"query-input":{"@type":"PropertyValueSpecification","valueRequired":true,"valueName":"search_term_string"}}],"inLanguage":"de"}]}},"_links":{"self":[{"href":"https:\/\/ips-system.pl\/de\/wp-json\/wp\/v2\/pages\/3182","targetHints":{"allow":["GET"]}}],"collection":[{"href":"https:\/\/ips-system.pl\/de\/wp-json\/wp\/v2\/pages"}],"about":[{"href":"https:\/\/ips-system.pl\/de\/wp-json\/wp\/v2\/types\/page"}],"author":[{"embeddable":true,"href":"https:\/\/ips-system.pl\/de\/wp-json\/wp\/v2\/users\/1"}],"replies":[{"embeddable":true,"href":"https:\/\/ips-system.pl\/de\/wp-json\/wp\/v2\/comments?post=3182"}],"version-history":[{"count":1,"href":"https:\/\/ips-system.pl\/de\/wp-json\/wp\/v2\/pages\/3182\/revisions"}],"predecessor-version":[{"id":3183,"href":"https:\/\/ips-system.pl\/de\/wp-json\/wp\/v2\/pages\/3182\/revisions\/3183"}],"wp:attachment":[{"href":"https:\/\/ips-system.pl\/de\/wp-json\/wp\/v2\/media?parent=3182"}],"curies":[{"name":"wp","href":"https:\/\/api.w.org\/{rel}","templated":true}]}}