{"id":3172,"date":"2025-02-03T22:58:18","date_gmt":"2025-02-03T21:58:18","guid":{"rendered":"https:\/\/ips-system.pl\/kontakt\/"},"modified":"2025-02-13T19:20:36","modified_gmt":"2025-02-13T18:20:36","slug":"kontakt","status":"publish","type":"page","link":"https:\/\/ips-system.pl\/de\/kontakt\/","title":{"rendered":"Kontakt"},"content":{"rendered":"\n<p>Unser Gesch\u00e4ft ist von Montag bis Freitag von 8 Uhr bis 17 Uhr ge\u00f6ffnet.<\/p>\n\n<p>Wenn Sie uns besuchen m\u00f6chten, senden Sie uns bitte vorab eine E-Mail, um einen Termin zu vereinbaren, da wir viel zu tun haben.<\/p>\n\n<div class=\"forminator-guttenberg\"><div class=\"forminator-ui forminator-custom-form forminator-custom-form-3097 forminator-design--default  forminator_ajax\" data-forminator-render=\"0\" data-form=\"forminator-module-3097\" data-uid=\"69e23f2d9fadf\"><br\/><\/div><form\n\t\t\t\tid=\"forminator-module-3097\"\n\t\t\t\tclass=\"forminator-ui forminator-custom-form forminator-custom-form-3097 forminator-design--default  forminator_ajax\"\n\t\t\t\tmethod=\"post\"\n\t\t\t\tdata-forminator-render=\"0\"\n\t\t\t\tdata-form-id=\"3097\"\n\t\t\t\t\n\t\t\t\tdata-design=\"default\"\n\t\t\t\t\n\t\t\t\t\n\t\t\t\t\n\t\t\t\tdata-grid=\"open\"\n\t\t\t\t\n\t\t\t\t\n\t\t\t\tstyle=\"display: none;\"\n\t\t\t\t\n\t\t\t\tdata-uid=\"69e23f2d9fadf\"\n\t\t\t><div role=\"alert\" aria-live=\"polite\" class=\"forminator-response-message forminator-error\" aria-hidden=\"true\"><\/div><div class=\"forminator-row\"><div id=\"name-1\" class=\"forminator-field-name forminator-col forminator-col-12 \"><div class=\"forminator-field\"><label for=\"forminator-field-name-1_69e23f2d9fadf\" id=\"forminator-field-name-1_69e23f2d9fadf-label\" class=\"forminator-label\">Imi\u0119 <span class=\"forminator-required\">*<\/span><\/label><input type=\"text\" name=\"name-1\" value=\"\" placeholder=\"Na przyk\u0142ad: Jan\" id=\"forminator-field-name-1_69e23f2d9fadf\" class=\"forminator-input forminator-name--field\" aria-required=\"true\" \/><\/div><\/div><\/div><div class=\"forminator-row\"><div id=\"email-1\" class=\"forminator-field-email forminator-col forminator-col-12 \"><div class=\"forminator-field\"><label for=\"forminator-field-email-1_69e23f2d9fadf\" id=\"forminator-field-email-1_69e23f2d9fadf-label\" class=\"forminator-label\">Adres e-mail <span class=\"forminator-required\">*<\/span><\/label><input type=\"email\" name=\"email-1\" value=\"\" placeholder=\"Na przyk\u0142ad: jan@kowalski.com\" id=\"forminator-field-email-1_69e23f2d9fadf\" class=\"forminator-input forminator-email--field\" data-required=\"true\" aria-required=\"true\" \/><\/div><\/div><\/div><div class=\"forminator-row\"><div id=\"phone-1\" class=\"forminator-field-phone forminator-col forminator-col-12 \"><div class=\"forminator-field\"><label for=\"forminator-field-phone-1_69e23f2d9fadf\" id=\"forminator-field-phone-1_69e23f2d9fadf-label\" class=\"forminator-label\">Numer telefonu <span class=\"forminator-required\">*<\/span><\/label><input type=\"text\" name=\"phone-1\" value=\"\" placeholder=\"Przyk\u0142ad. +48 100 200 300\" id=\"forminator-field-phone-1_69e23f2d9fadf\" class=\"forminator-input forminator-field--phone\" data-required=\"1\" aria-required=\"true\" autocomplete=\"off\" \/><\/div><\/div><\/div><div class=\"forminator-row\"><div id=\"textarea-1\" class=\"forminator-field-textarea forminator-col forminator-col-12 \"><div class=\"forminator-field\"><label for=\"forminator-field-textarea-1_69e23f2d9fadf\" id=\"forminator-field-textarea-1_69e23f2d9fadf-label\" class=\"forminator-label\">Wiadomo\u015b\u0107<\/label><textarea name=\"textarea-1\" placeholder=\"Wpisz swoj\u0105 wiadomo\u015b\u0107...\" id=\"forminator-field-textarea-1_69e23f2d9fadf\" class=\"forminator-textarea\" rows=\"6\" style=\"min-height:140px;\" maxlength=\"180\" ><\/textarea><span id=\"forminator-field-textarea-1_69e23f2d9fadf-description\" class=\"forminator-description\"><span data-limit=\"180\" data-type=\"characters\" data-editor=\"\">0 \/ 180<\/span><\/span><\/div><\/div><\/div><div class=\"forminator-row\"><\/div><div class=\"forminator-row\"><div id=\"consent-1\" class=\"forminator-field-consent forminator-col forminator-col-12 \"><div class=\"forminator-field\"><label for=\"forminator-field-consent-1_69e23f2d9fadf\" id=\"forminator-field-consent-1_69e23f2d9fadf-label\" class=\"forminator-label\">Zgody (RODO) <span class=\"forminator-required\">*<\/span><\/label><div class=\"forminator-checkbox__wrapper\"><label for=\"forminator-field-consent-1_69e23f2d9fadf\" id=\"forminator-field-consent-1_69e23f2d9fadf__label\" class=\"forminator-checkbox forminator-consent\"><input type=\"checkbox\" name=\"consent-1\" id=\"forminator-field-consent-1_69e23f2d9fadf\" value=\"checked\" aria-labelledby=\"forminator-field-consent-1_69e23f2d9fadf-label\" aria-describedby=\"forminator-field-consent-1_69e23f2d9fadf__description\" data-required=\"true\" aria-required=\"true\" \/><span class=\"forminator-checkbox-box\" aria-hidden=\"true\"><\/span><\/label><div id=\"forminator-field-consent-1_69e23f2d9fadf__description\" class=\"forminator-checkbox__label forminator-consent__label\"><p>Wyra\u017cam zgod\u0119 na przetwarzanie moich danych osobowych (imi\u0119, nazwisko, numer telefonu, adres e-mail, tre\u015b\u0107 wiadomo\u015bci) przez IPS SYSTEM Przemys\u0142aw \u015amiechowski z siedzib\u0105 w Ostrowie Wielkopolskim, wy\u0142\u0105cznie w celu realizacji mojego zapytania oraz przesy\u0142ania informacji handlowej dotycz\u0105cej oferowanych produkt\u00f3w\/us\u0142ug. Zosta\u0142em\/-am poinformowany\/-a o przys\u0142uguj\u0105cych mi prawach wynikaj\u0105cych z RODO, w tym prawie dost\u0119pu do tre\u015bci swoich danych, ich poprawiania, usuni\u0119cia oraz prawie do wycofania zgody w dowolnym momencie bez wp\u0142ywu na zgodno\u015b\u0107 z prawem przetwarzania dokonanego na podstawie zgody przed jej wycofaniem.\"<\/p><\/div><\/div><\/div><\/div><\/div><input type=\"hidden\" name=\"referer_url\" value=\"\" \/><div class=\"forminator-row forminator-row-last\"><div class=\"forminator-col\"><div class=\"forminator-field\"><button class=\"forminator-button forminator-button-submit\">Wy\u015blij wiadomo\u015b\u0107<\/button><\/div><\/div><\/div><input type=\"hidden\" id=\"forminator_nonce\" name=\"forminator_nonce\" value=\"79df8582e3\" \/><input type=\"hidden\" name=\"_wp_http_referer\" value=\"\/de\/wp-json\/wp\/v2\/pages\/3172\" \/><input type=\"hidden\" name=\"form_id\" value=\"3097\"><input type=\"hidden\" name=\"page_id\" value=\"3172\"><input type=\"hidden\" name=\"form_type\" value=\"default\"><input type=\"hidden\" name=\"current_url\" value=\"https:\/\/ips-system.pl\/de\/kontakt\/\"><input type=\"hidden\" name=\"render_id\" value=\"0\"><input type=\"hidden\" name=\"action\" value=\"forminator_submit_form_custom-forms\"><\/form><\/div>\n","protected":false},"excerpt":{"rendered":"<p>Unser Gesch\u00e4ft ist von Montag bis Freitag von 8 Uhr bis 17 Uhr ge\u00f6ffnet. Wenn Sie uns besuchen m\u00f6chten, senden Sie uns bitte vorab eine E-Mail, um einen Termin zu vereinbaren, da wir viel zu tun haben.<\/p>\n","protected":false},"author":1,"featured_media":0,"parent":0,"menu_order":0,"comment_status":"closed","ping_status":"closed","template":"","meta":{"inline_featured_image":false,"footnotes":""},"class_list":["post-3172","page","type-page","status-publish","hentry"],"yoast_head":"<!-- This site is optimized with the Yoast SEO plugin v24.3 - https:\/\/yoast.com\/wordpress\/plugins\/seo\/ -->\n<title>Kontakt - IPS System | Innovation f\u00fcr Ihr Unternehmen<\/title>\n<meta name=\"robots\" content=\"index, follow, max-snippet:-1, max-image-preview:large, max-video-preview:-1\" \/>\n<link rel=\"canonical\" href=\"https:\/\/ips-system.pl\/de\/kontakt\/\" \/>\n<meta property=\"og:locale\" content=\"de_DE\" \/>\n<meta property=\"og:type\" content=\"article\" \/>\n<meta property=\"og:title\" content=\"Kontakt - IPS System | Innovation f\u00fcr Ihr Unternehmen\" \/>\n<meta property=\"og:description\" content=\"Unser Gesch\u00e4ft ist von Montag bis Freitag von 8 Uhr bis 17 Uhr ge\u00f6ffnet. Wenn Sie uns besuchen m\u00f6chten, senden Sie uns bitte vorab eine E-Mail, um einen Termin zu vereinbaren, da wir viel zu tun haben.\" \/>\n<meta property=\"og:url\" content=\"https:\/\/ips-system.pl\/de\/kontakt\/\" \/>\n<meta property=\"og:site_name\" content=\"IPS System | Innovation f\u00fcr Ihr Unternehmen\" \/>\n<meta property=\"article:modified_time\" content=\"2025-02-13T18:20:36+00:00\" \/>\n<meta name=\"twitter:card\" content=\"summary_large_image\" \/>\n<!-- \/ Yoast SEO plugin. -->","yoast_head_json":{"title":"Kontakt - IPS System | Innovation f\u00fcr Ihr Unternehmen","robots":{"index":"index","follow":"follow","max-snippet":"max-snippet:-1","max-image-preview":"max-image-preview:large","max-video-preview":"max-video-preview:-1"},"canonical":"https:\/\/ips-system.pl\/de\/kontakt\/","og_locale":"de_DE","og_type":"article","og_title":"Kontakt - IPS System | Innovation f\u00fcr Ihr Unternehmen","og_description":"Unser Gesch\u00e4ft ist von Montag bis Freitag von 8 Uhr bis 17 Uhr ge\u00f6ffnet. Wenn Sie uns besuchen m\u00f6chten, senden Sie uns bitte vorab eine E-Mail, um einen Termin zu vereinbaren, da wir viel zu tun haben.","og_url":"https:\/\/ips-system.pl\/de\/kontakt\/","og_site_name":"IPS System | Innovation f\u00fcr Ihr Unternehmen","article_modified_time":"2025-02-13T18:20:36+00:00","twitter_card":"summary_large_image","schema":{"@context":"https:\/\/schema.org","@graph":[{"@type":"WebPage","@id":"https:\/\/ips-system.pl\/de\/kontakt\/","url":"https:\/\/ips-system.pl\/de\/kontakt\/","name":"Kontakt - IPS System | Innovation f\u00fcr Ihr Unternehmen","isPartOf":{"@id":"https:\/\/ips-system.pl\/de\/#website"},"datePublished":"2025-02-03T21:58:18+00:00","dateModified":"2025-02-13T18:20:36+00:00","breadcrumb":{"@id":"https:\/\/ips-system.pl\/de\/kontakt\/#breadcrumb"},"inLanguage":"de","potentialAction":[{"@type":"ReadAction","target":["https:\/\/ips-system.pl\/de\/kontakt\/"]}]},{"@type":"BreadcrumbList","@id":"https:\/\/ips-system.pl\/de\/kontakt\/#breadcrumb","itemListElement":[{"@type":"ListItem","position":1,"name":"Homepage","item":"https:\/\/ips-system.pl\/de\/homepage\/"},{"@type":"ListItem","position":2,"name":"Kontakt"}]},{"@type":"WebSite","@id":"https:\/\/ips-system.pl\/de\/#website","url":"https:\/\/ips-system.pl\/de\/","name":"IPS System | Innovation f\u00fcr Ihr Unternehmen","description":"","potentialAction":[{"@type":"SearchAction","target":{"@type":"EntryPoint","urlTemplate":"https:\/\/ips-system.pl\/de\/?s={search_term_string}"},"query-input":{"@type":"PropertyValueSpecification","valueRequired":true,"valueName":"search_term_string"}}],"inLanguage":"de"}]}},"_links":{"self":[{"href":"https:\/\/ips-system.pl\/de\/wp-json\/wp\/v2\/pages\/3172","targetHints":{"allow":["GET"]}}],"collection":[{"href":"https:\/\/ips-system.pl\/de\/wp-json\/wp\/v2\/pages"}],"about":[{"href":"https:\/\/ips-system.pl\/de\/wp-json\/wp\/v2\/types\/page"}],"author":[{"embeddable":true,"href":"https:\/\/ips-system.pl\/de\/wp-json\/wp\/v2\/users\/1"}],"replies":[{"embeddable":true,"href":"https:\/\/ips-system.pl\/de\/wp-json\/wp\/v2\/comments?post=3172"}],"version-history":[{"count":1,"href":"https:\/\/ips-system.pl\/de\/wp-json\/wp\/v2\/pages\/3172\/revisions"}],"predecessor-version":[{"id":3173,"href":"https:\/\/ips-system.pl\/de\/wp-json\/wp\/v2\/pages\/3172\/revisions\/3173"}],"wp:attachment":[{"href":"https:\/\/ips-system.pl\/de\/wp-json\/wp\/v2\/media?parent=3172"}],"curies":[{"name":"wp","href":"https:\/\/api.w.org\/{rel}","templated":true}]}}